{"id":22466,"date":"2022-11-22T16:44:24","date_gmt":"2022-11-23T22:45:33","guid":{"rendered":"https:\/\/www.spaoludeniz.com\/product\/yuz-maskesi\/"},"modified":"2023-11-22T01:14:35","modified_gmt":"2023-11-21T22:14:35","slug":"yuz-maskesi","status":"publish","type":"product","link":"https:\/\/www.spaoludeniz.com\/tr\/urun\/yuz-maskesi\/","title":{"rendered":"Y\u00fcz Maskesi"},"content":{"rendered":"<p>Cilt besinlerini i\u00e7eren bir krem ya da ka\u011f\u0131t y\u00fcz maskesi belli bir s\u00fcre cildinize s\u00fcr\u00fcl\u00fcr. Cildinizin nefes alamayarak maskedeki besinler ile beslenir. \u0130\u015flem sonras\u0131 y\u00fcz\u00fcn\u00fcz temiz ve p\u00fcr\u00fczs\u00fcz kal\u0131r.<\/p>\n","protected":false},"excerpt":{"rendered":"<p>Cilt besinlerini i\u00e7eren bir krem ya da ka\u011f\u0131t y\u00fcz maskesi belli bir s\u00fcre cildinize s\u00fcr\u00fcl\u00fcr. Cildinizin nefes alamayarak maskedeki besinler ile beslenir. \u0130\u015flem sonras\u0131 y\u00fcz\u00fcn\u00fcz temiz ve p\u00fcr\u00fczs\u00fcz kal\u0131r.<\/p>\n","protected":false},"featured_media":20098,"comment_status":"open","ping_status":"closed","template":"","meta":{"_monsterinsights_skip_tracking":false,"_monsterinsights_sitenote_active":false,"_monsterinsights_sitenote_note":"","_monsterinsights_sitenote_category":0,"_joinchat":[]},"product_brand":[],"product_cat":[706,710],"product_tag":[],"class_list":{"0":"post-22466","1":"product","2":"type-product","3":"status-publish","4":"has-post-thumbnail","6":"product_cat-cilt-bakimlari","7":"product_cat-shop-tr","9":"first","10":"instock","11":"shipping-taxable","12":"purchasable","13":"product-type-simple"},"aioseo_notices":[],"_links":{"self":[{"href":"https:\/\/www.spaoludeniz.com\/tr\/wp-json\/wp\/v2\/product\/22466"}],"collection":[{"href":"https:\/\/www.spaoludeniz.com\/tr\/wp-json\/wp\/v2\/product"}],"about":[{"href":"https:\/\/www.spaoludeniz.com\/tr\/wp-json\/wp\/v2\/types\/product"}],"replies":[{"embeddable":true,"href":"https:\/\/www.spaoludeniz.com\/tr\/wp-json\/wp\/v2\/comments?post=22466"}],"version-history":[{"count":0,"href":"https:\/\/www.spaoludeniz.com\/tr\/wp-json\/wp\/v2\/product\/22466\/revisions"}],"wp:featuredmedia":[{"embeddable":true,"href":"https:\/\/www.spaoludeniz.com\/tr\/wp-json\/wp\/v2\/media\/20098"}],"wp:attachment":[{"href":"https:\/\/www.spaoludeniz.com\/tr\/wp-json\/wp\/v2\/media?parent=22466"}],"wp:term":[{"taxonomy":"product_brand","embeddable":true,"href":"https:\/\/www.spaoludeniz.com\/tr\/wp-json\/wp\/v2\/product_brand?post=22466"},{"taxonomy":"product_cat","embeddable":true,"href":"https:\/\/www.spaoludeniz.com\/tr\/wp-json\/wp\/v2\/product_cat?post=22466"},{"taxonomy":"product_tag","embeddable":true,"href":"https:\/\/www.spaoludeniz.com\/tr\/wp-json\/wp\/v2\/product_tag?post=22466"}],"curies":[{"name":"wp","href":"https:\/\/api.w.org\/{rel}","templated":true}]}}