{"id":20195,"date":"2020-01-28T18:11:28","date_gmt":"2021-11-23T10:09:32","guid":{"rendered":"https:\/\/www.spaoludeniz.com\/product\/sakal-trasi\/"},"modified":"2021-11-23T10:09:32","modified_gmt":"2021-11-23T10:09:32","slug":"sakal-trasi","status":"publish","type":"product","link":"https:\/\/www.spaoludeniz.com\/tr\/urun\/sakal-trasi\/","title":{"rendered":"Sakal Tra\u015f\u0131"},"content":{"rendered":"<p>Geleneksel T\u00fcrk usul\u00fc sakal tra\u015f\u0131<\/p>\n<p>Deneyimli bir berber ustaca kulland\u0131\u011f\u0131 ustara kesimi<\/p>\n<p>Nemlendirici ve s\u0131cak havlu<\/p>\n<p>Yumu\u015fak, p\u00fcr\u00fczs\u00fcz ve canlanm\u0131\u015f bir cilt<\/p>\n","protected":false},"excerpt":{"rendered":"<p>Geleneksel T\u00fcrk usul\u00fc sakal tra\u015f\u0131 Deneyimli bir berber ustaca kulland\u0131\u011f\u0131 ustara kesimi Nemlendirici ve s\u0131cak havlu Yumu\u015fak, p\u00fcr\u00fczs\u00fcz ve canlanm\u0131\u015f bir cilt<\/p>\n","protected":false},"featured_media":886,"comment_status":"open","ping_status":"closed","template":"","meta":{"_monsterinsights_skip_tracking":false,"_monsterinsights_sitenote_active":false,"_monsterinsights_sitenote_note":"","_monsterinsights_sitenote_category":0,"_joinchat":[]},"product_brand":[],"product_cat":[707,65],"product_tag":[],"class_list":{"0":"post-20195","1":"product","2":"type-product","3":"status-publish","4":"has-post-thumbnail","6":"product_cat-berber","7":"product_cat-shop","9":"first","10":"outofstock","11":"shipping-taxable","12":"purchasable","13":"product-type-simple"},"aioseo_notices":[],"_links":{"self":[{"href":"https:\/\/www.spaoludeniz.com\/tr\/wp-json\/wp\/v2\/product\/20195"}],"collection":[{"href":"https:\/\/www.spaoludeniz.com\/tr\/wp-json\/wp\/v2\/product"}],"about":[{"href":"https:\/\/www.spaoludeniz.com\/tr\/wp-json\/wp\/v2\/types\/product"}],"replies":[{"embeddable":true,"href":"https:\/\/www.spaoludeniz.com\/tr\/wp-json\/wp\/v2\/comments?post=20195"}],"version-history":[{"count":0,"href":"https:\/\/www.spaoludeniz.com\/tr\/wp-json\/wp\/v2\/product\/20195\/revisions"}],"wp:featuredmedia":[{"embeddable":true,"href":"https:\/\/www.spaoludeniz.com\/tr\/wp-json\/wp\/v2\/media\/886"}],"wp:attachment":[{"href":"https:\/\/www.spaoludeniz.com\/tr\/wp-json\/wp\/v2\/media?parent=20195"}],"wp:term":[{"taxonomy":"product_brand","embeddable":true,"href":"https:\/\/www.spaoludeniz.com\/tr\/wp-json\/wp\/v2\/product_brand?post=20195"},{"taxonomy":"product_cat","embeddable":true,"href":"https:\/\/www.spaoludeniz.com\/tr\/wp-json\/wp\/v2\/product_cat?post=20195"},{"taxonomy":"product_tag","embeddable":true,"href":"https:\/\/www.spaoludeniz.com\/tr\/wp-json\/wp\/v2\/product_tag?post=20195"}],"curies":[{"name":"wp","href":"https:\/\/api.w.org\/{rel}","templated":true}]}}