{"id":20180,"date":"2020-01-28T17:31:35","date_gmt":"2021-11-23T09:54:28","guid":{"rendered":"https:\/\/www.spaoludeniz.com\/product\/tum-vucut-bal-maskesi\/"},"modified":"2022-09-17T00:58:18","modified_gmt":"2022-09-16T21:58:18","slug":"bal-maskesi","status":"publish","type":"product","link":"https:\/\/www.spaoludeniz.com\/tr\/urun\/bal-maskesi\/","title":{"rendered":"(T\u00fcm V\u00fccut) Bal Maskesi"},"content":{"rendered":"<p>Y\u00fczy\u0131llard\u0131r insanlar akne, yara izleri, ve \u00e7e\u015fitli lekeleri iyile\u015ftirmek i\u00e7in bal maskelerini kullan\u0131yorlar. Bal maskesinde cilt i\u00e7in \u00e7ok faydal\u0131 olan mineraller ve vitaminler vard\u0131r. Dinlendirici bir masaj\u0131n yan\u0131 s\u0131ra ve bal\u0131n sa\u011fl\u0131kl\u0131 vitaminlerini ve minerallerini bir kerede v\u00fccudunuza alm\u0131\u015f olursunuz.<\/p>\n","protected":false},"excerpt":{"rendered":"<p>Y\u00fczy\u0131llard\u0131r insanlar akne, yara izleri, ve \u00e7e\u015fitli lekeleri iyile\u015ftirmek i\u00e7in bal maskelerini kullan\u0131yorlar. Bal maskesinde cilt i\u00e7in \u00e7ok faydal\u0131 olan mineraller ve vitaminler vard\u0131r. Dinlendirici bir masaj\u0131n yan\u0131 s\u0131ra ve bal\u0131n sa\u011fl\u0131kl\u0131 vitaminlerini ve minerallerini bir kerede v\u00fccudunuza alm\u0131\u015f olursunuz.<\/p>\n","protected":false},"featured_media":20139,"comment_status":"open","ping_status":"closed","template":"","meta":{"_monsterinsights_skip_tracking":false,"_monsterinsights_sitenote_active":false,"_monsterinsights_sitenote_note":"","_monsterinsights_sitenote_category":0,"_joinchat":[]},"product_brand":[],"product_cat":[65,708],"product_tag":[],"class_list":{"0":"post-20180","1":"product","2":"type-product","3":"status-publish","4":"has-post-thumbnail","6":"product_cat-shop","7":"product_cat-vucut-bakimlari","9":"first","10":"outofstock","11":"shipping-taxable","12":"purchasable","13":"product-type-simple"},"aioseo_notices":[],"_links":{"self":[{"href":"https:\/\/www.spaoludeniz.com\/tr\/wp-json\/wp\/v2\/product\/20180"}],"collection":[{"href":"https:\/\/www.spaoludeniz.com\/tr\/wp-json\/wp\/v2\/product"}],"about":[{"href":"https:\/\/www.spaoludeniz.com\/tr\/wp-json\/wp\/v2\/types\/product"}],"replies":[{"embeddable":true,"href":"https:\/\/www.spaoludeniz.com\/tr\/wp-json\/wp\/v2\/comments?post=20180"}],"version-history":[{"count":0,"href":"https:\/\/www.spaoludeniz.com\/tr\/wp-json\/wp\/v2\/product\/20180\/revisions"}],"wp:featuredmedia":[{"embeddable":true,"href":"https:\/\/www.spaoludeniz.com\/tr\/wp-json\/wp\/v2\/media\/20139"}],"wp:attachment":[{"href":"https:\/\/www.spaoludeniz.com\/tr\/wp-json\/wp\/v2\/media?parent=20180"}],"wp:term":[{"taxonomy":"product_brand","embeddable":true,"href":"https:\/\/www.spaoludeniz.com\/tr\/wp-json\/wp\/v2\/product_brand?post=20180"},{"taxonomy":"product_cat","embeddable":true,"href":"https:\/\/www.spaoludeniz.com\/tr\/wp-json\/wp\/v2\/product_cat?post=20180"},{"taxonomy":"product_tag","embeddable":true,"href":"https:\/\/www.spaoludeniz.com\/tr\/wp-json\/wp\/v2\/product_tag?post=20180"}],"curies":[{"name":"wp","href":"https:\/\/api.w.org\/{rel}","templated":true}]}}