{"id":20159,"date":"2020-01-28T17:34:27","date_gmt":"2021-11-23T09:52:14","guid":{"rendered":"https:\/\/www.spaoludeniz.com\/product\/tuz-peeling\/"},"modified":"2022-09-17T01:00:46","modified_gmt":"2022-09-16T22:00:46","slug":"tuz-peeling","status":"publish","type":"product","link":"https:\/\/www.spaoludeniz.com\/tr\/urun\/tuz-peeling\/","title":{"rendered":"Tuz Peeling"},"content":{"rendered":"<p>Tuz peeling i\u015flemi cildinizdeki \u00f6l\u00fc deri h\u00fccrelerini \u00e7\u0131kartarak cildinizin daha yumu\u015fak bir hale getirir. \u00d6l\u00fc derilerinizn \u00e7\u0131kart\u0131lmas\u0131 yeni cilt h\u00fccrelerinin olu\u015fmas\u0131na imkan tan\u0131r. Bu i\u015flemi ile v\u00fccudunuzdaki do\u011fal sirk\u00fclasyonu ve v\u00fccut s\u0131v\u0131lar\u0131n\u0131n ak\u0131\u015f\u0131n\u0131 kolayla\u015ft\u0131r\u0131rs\u0131nuz.<\/p>\n","protected":false},"excerpt":{"rendered":"<p>Tuz peeling i\u015flemi cildinizdeki \u00f6l\u00fc deri h\u00fccrelerini \u00e7\u0131kartarak cildinizin daha yumu\u015fak bir hale getirir. \u00d6l\u00fc derilerinizn \u00e7\u0131kart\u0131lmas\u0131 yeni cilt h\u00fccrelerinin olu\u015fmas\u0131na imkan tan\u0131r. Bu i\u015flemi ile v\u00fccudunuzdaki do\u011fal sirk\u00fclasyonu ve v\u00fccut s\u0131v\u0131lar\u0131n\u0131n ak\u0131\u015f\u0131n\u0131 kolayla\u015ft\u0131r\u0131rs\u0131nuz.<\/p>\n","protected":false},"featured_media":20136,"comment_status":"open","ping_status":"closed","template":"","meta":{"_monsterinsights_skip_tracking":false,"_monsterinsights_sitenote_active":false,"_monsterinsights_sitenote_note":"","_monsterinsights_sitenote_category":0,"_joinchat":[]},"product_brand":[],"product_cat":[65,708],"product_tag":[],"class_list":{"0":"post-20159","1":"product","2":"type-product","3":"status-publish","4":"has-post-thumbnail","6":"product_cat-shop","7":"product_cat-vucut-bakimlari","9":"first","10":"outofstock","11":"shipping-taxable","12":"purchasable","13":"product-type-simple"},"aioseo_notices":[],"_links":{"self":[{"href":"https:\/\/www.spaoludeniz.com\/tr\/wp-json\/wp\/v2\/product\/20159"}],"collection":[{"href":"https:\/\/www.spaoludeniz.com\/tr\/wp-json\/wp\/v2\/product"}],"about":[{"href":"https:\/\/www.spaoludeniz.com\/tr\/wp-json\/wp\/v2\/types\/product"}],"replies":[{"embeddable":true,"href":"https:\/\/www.spaoludeniz.com\/tr\/wp-json\/wp\/v2\/comments?post=20159"}],"version-history":[{"count":0,"href":"https:\/\/www.spaoludeniz.com\/tr\/wp-json\/wp\/v2\/product\/20159\/revisions"}],"wp:featuredmedia":[{"embeddable":true,"href":"https:\/\/www.spaoludeniz.com\/tr\/wp-json\/wp\/v2\/media\/20136"}],"wp:attachment":[{"href":"https:\/\/www.spaoludeniz.com\/tr\/wp-json\/wp\/v2\/media?parent=20159"}],"wp:term":[{"taxonomy":"product_brand","embeddable":true,"href":"https:\/\/www.spaoludeniz.com\/tr\/wp-json\/wp\/v2\/product_brand?post=20159"},{"taxonomy":"product_cat","embeddable":true,"href":"https:\/\/www.spaoludeniz.com\/tr\/wp-json\/wp\/v2\/product_cat?post=20159"},{"taxonomy":"product_tag","embeddable":true,"href":"https:\/\/www.spaoludeniz.com\/tr\/wp-json\/wp\/v2\/product_tag?post=20159"}],"curies":[{"name":"wp","href":"https:\/\/api.w.org\/{rel}","templated":true}]}}