{"id":20152,"date":"2020-01-28T17:35:41","date_gmt":"2021-11-23T09:51:33","guid":{"rendered":"https:\/\/www.spaoludeniz.com\/product\/kahve-peeling\/"},"modified":"2022-09-17T00:58:16","modified_gmt":"2022-09-16T21:58:16","slug":"kahve-peeling","status":"publish","type":"product","link":"https:\/\/www.spaoludeniz.com\/tr\/urun\/kahve-peeling\/","title":{"rendered":"Kahve Peeling"},"content":{"rendered":"<p>Kahvenin cildinizde mucizevi etkileri vard\u0131r. Kahveyi i\u00e7tikten sonra kalan kahve telvesi \u00f6l\u00fc h\u00fccreleri \u00e7\u0131karman\u0131za, dola\u015f\u0131m\u0131n\u0131z\u0131 iyile\u015ftirmenize yard\u0131mc\u0131 olacak peeling i\u015flemi i\u00e7in kullan\u0131labilir. Cildinizin do\u011fal g\u00f6r\u00fcn\u00fcm\u00fcne kavu\u015fmas\u0131n\u0131 sa\u011flar.<\/p>\n","protected":false},"excerpt":{"rendered":"<p>Kahvenin cildinizde mucizevi etkileri vard\u0131r. Kahveyi i\u00e7tikten sonra kalan kahve telvesi \u00f6l\u00fc h\u00fccreleri \u00e7\u0131karman\u0131za, dola\u015f\u0131m\u0131n\u0131z\u0131 iyile\u015ftirmenize yard\u0131mc\u0131 olacak peeling i\u015flemi i\u00e7in kullan\u0131labilir. Cildinizin do\u011fal g\u00f6r\u00fcn\u00fcm\u00fcne kavu\u015fmas\u0131n\u0131 sa\u011flar.<\/p>\n","protected":false},"featured_media":20135,"comment_status":"open","ping_status":"closed","template":"","meta":{"_monsterinsights_skip_tracking":false,"_monsterinsights_sitenote_active":false,"_monsterinsights_sitenote_note":"","_monsterinsights_sitenote_category":0,"_joinchat":[]},"product_brand":[],"product_cat":[65,708],"product_tag":[],"class_list":{"0":"post-20152","1":"product","2":"type-product","3":"status-publish","4":"has-post-thumbnail","6":"product_cat-shop","7":"product_cat-vucut-bakimlari","9":"first","10":"outofstock","11":"shipping-taxable","12":"purchasable","13":"product-type-simple"},"aioseo_notices":[],"_links":{"self":[{"href":"https:\/\/www.spaoludeniz.com\/tr\/wp-json\/wp\/v2\/product\/20152"}],"collection":[{"href":"https:\/\/www.spaoludeniz.com\/tr\/wp-json\/wp\/v2\/product"}],"about":[{"href":"https:\/\/www.spaoludeniz.com\/tr\/wp-json\/wp\/v2\/types\/product"}],"replies":[{"embeddable":true,"href":"https:\/\/www.spaoludeniz.com\/tr\/wp-json\/wp\/v2\/comments?post=20152"}],"version-history":[{"count":0,"href":"https:\/\/www.spaoludeniz.com\/tr\/wp-json\/wp\/v2\/product\/20152\/revisions"}],"wp:featuredmedia":[{"embeddable":true,"href":"https:\/\/www.spaoludeniz.com\/tr\/wp-json\/wp\/v2\/media\/20135"}],"wp:attachment":[{"href":"https:\/\/www.spaoludeniz.com\/tr\/wp-json\/wp\/v2\/media?parent=20152"}],"wp:term":[{"taxonomy":"product_brand","embeddable":true,"href":"https:\/\/www.spaoludeniz.com\/tr\/wp-json\/wp\/v2\/product_brand?post=20152"},{"taxonomy":"product_cat","embeddable":true,"href":"https:\/\/www.spaoludeniz.com\/tr\/wp-json\/wp\/v2\/product_cat?post=20152"},{"taxonomy":"product_tag","embeddable":true,"href":"https:\/\/www.spaoludeniz.com\/tr\/wp-json\/wp\/v2\/product_tag?post=20152"}],"curies":[{"name":"wp","href":"https:\/\/api.w.org\/{rel}","templated":true}]}}