{"id":20119,"date":"2020-01-28T15:07:43","date_gmt":"2021-11-23T09:35:13","guid":{"rendered":"https:\/\/www.spaoludeniz.com\/product\/klasik-cilt-bakimi\/"},"modified":"2022-11-25T13:45:11","modified_gmt":"2022-11-25T10:45:11","slug":"klasik-cilt-bakimi","status":"publish","type":"product","link":"https:\/\/www.spaoludeniz.com\/tr\/urun\/klasik-cilt-bakimi\/","title":{"rendered":"Cilt Bak\u0131m\u0131"},"content":{"rendered":"<p>Klasik cilt bak\u0131m program\u0131nda \u00f6nce cildiniz test edilir, daha sonra buhar ve peeling yoluyla derinlemesine temizlik uygulan\u0131r. Bu program, cildin g\u00f6r\u00fcn\u00fcm\u00fcn\u00fc geli\u015ftirir, g\u00f6zeneklerin derinliklerine iner, kir, ya\u011f ve makyaj\u0131 \u00e7\u00f6zer, \u015fi\u015flikleri ve k\u0131r\u0131\u015f\u0131kl\u0131klar\u0131 giderir. B\u00f6ylece cildiniz daha taze ve sa\u011fl\u0131kl\u0131 g\u00f6r\u00fcn\u00fcr.<\/p>\n","protected":false},"excerpt":{"rendered":"<p>35 dk<\/p>\n","protected":false},"featured_media":20098,"comment_status":"open","ping_status":"closed","template":"","meta":{"_monsterinsights_skip_tracking":false,"_monsterinsights_sitenote_active":false,"_monsterinsights_sitenote_note":"","_monsterinsights_sitenote_category":0,"_joinchat":[]},"product_brand":[],"product_cat":[706,65],"product_tag":[],"class_list":{"0":"post-20119","1":"product","2":"type-product","3":"status-publish","4":"has-post-thumbnail","6":"product_cat-cilt-bakimlari","7":"product_cat-shop","9":"first","10":"instock","11":"shipping-taxable","12":"purchasable","13":"product-type-simple"},"aioseo_notices":[],"_links":{"self":[{"href":"https:\/\/www.spaoludeniz.com\/tr\/wp-json\/wp\/v2\/product\/20119"}],"collection":[{"href":"https:\/\/www.spaoludeniz.com\/tr\/wp-json\/wp\/v2\/product"}],"about":[{"href":"https:\/\/www.spaoludeniz.com\/tr\/wp-json\/wp\/v2\/types\/product"}],"replies":[{"embeddable":true,"href":"https:\/\/www.spaoludeniz.com\/tr\/wp-json\/wp\/v2\/comments?post=20119"}],"version-history":[{"count":0,"href":"https:\/\/www.spaoludeniz.com\/tr\/wp-json\/wp\/v2\/product\/20119\/revisions"}],"wp:featuredmedia":[{"embeddable":true,"href":"https:\/\/www.spaoludeniz.com\/tr\/wp-json\/wp\/v2\/media\/20098"}],"wp:attachment":[{"href":"https:\/\/www.spaoludeniz.com\/tr\/wp-json\/wp\/v2\/media?parent=20119"}],"wp:term":[{"taxonomy":"product_brand","embeddable":true,"href":"https:\/\/www.spaoludeniz.com\/tr\/wp-json\/wp\/v2\/product_brand?post=20119"},{"taxonomy":"product_cat","embeddable":true,"href":"https:\/\/www.spaoludeniz.com\/tr\/wp-json\/wp\/v2\/product_cat?post=20119"},{"taxonomy":"product_tag","embeddable":true,"href":"https:\/\/www.spaoludeniz.com\/tr\/wp-json\/wp\/v2\/product_tag?post=20119"}],"curies":[{"name":"wp","href":"https:\/\/api.w.org\/{rel}","templated":true}]}}