{"id":20106,"date":"2020-01-28T15:35:42","date_gmt":"2021-11-23T09:32:15","guid":{"rendered":"https:\/\/www.spaoludeniz.com\/product\/yaslanma-karsiti-cilt-bakimi\/"},"modified":"2022-03-28T22:58:05","modified_gmt":"2022-03-28T22:58:05","slug":"yaslanma-karsiti-cilt-bakimi","status":"publish","type":"product","link":"https:\/\/www.spaoludeniz.com\/tr\/urun\/yaslanma-karsiti-cilt-bakimi\/","title":{"rendered":"Ya\u015flanma Kar\u015f\u0131t\u0131 Cilt Bak\u0131m\u0131"},"content":{"rendered":"<p>Ya\u015flanma kar\u015f\u0131t\u0131 cilt bak\u0131m program\u0131, ya\u015flanma kar\u015f\u0131t\u0131 hormonlar\u0131n \u00fcretimini art\u0131rmay\u0131, cildi nemlendirmeyi ve s\u0131k\u0131la\u015ft\u0131rmay\u0131, damar dola\u015f\u0131m sistemini desteklemeyi ama\u00e7lar. Bitkisel hormonlar\u0131n kullan\u0131m\u0131 cildinizin ya\u015flanma s\u00fcrecini yava\u015flat\u0131r. Bu tedaviden sonra cildiniz daha gen\u00e7 g\u00f6r\u00fcnecektir.<\/p>\n","protected":false},"excerpt":{"rendered":"<p>55 dk.<\/p>\n","protected":false},"featured_media":20100,"comment_status":"open","ping_status":"closed","template":"","meta":{"_monsterinsights_skip_tracking":false,"_monsterinsights_sitenote_active":false,"_monsterinsights_sitenote_note":"","_monsterinsights_sitenote_category":0,"_joinchat":[]},"product_brand":[],"product_cat":[706,65],"product_tag":[],"class_list":{"0":"post-20106","1":"product","2":"type-product","3":"status-publish","4":"has-post-thumbnail","6":"product_cat-cilt-bakimlari","7":"product_cat-shop","9":"first","10":"outofstock","11":"shipping-taxable","12":"purchasable","13":"product-type-simple"},"aioseo_notices":[],"_links":{"self":[{"href":"https:\/\/www.spaoludeniz.com\/tr\/wp-json\/wp\/v2\/product\/20106"}],"collection":[{"href":"https:\/\/www.spaoludeniz.com\/tr\/wp-json\/wp\/v2\/product"}],"about":[{"href":"https:\/\/www.spaoludeniz.com\/tr\/wp-json\/wp\/v2\/types\/product"}],"replies":[{"embeddable":true,"href":"https:\/\/www.spaoludeniz.com\/tr\/wp-json\/wp\/v2\/comments?post=20106"}],"version-history":[{"count":0,"href":"https:\/\/www.spaoludeniz.com\/tr\/wp-json\/wp\/v2\/product\/20106\/revisions"}],"wp:featuredmedia":[{"embeddable":true,"href":"https:\/\/www.spaoludeniz.com\/tr\/wp-json\/wp\/v2\/media\/20100"}],"wp:attachment":[{"href":"https:\/\/www.spaoludeniz.com\/tr\/wp-json\/wp\/v2\/media?parent=20106"}],"wp:term":[{"taxonomy":"product_brand","embeddable":true,"href":"https:\/\/www.spaoludeniz.com\/tr\/wp-json\/wp\/v2\/product_brand?post=20106"},{"taxonomy":"product_cat","embeddable":true,"href":"https:\/\/www.spaoludeniz.com\/tr\/wp-json\/wp\/v2\/product_cat?post=20106"},{"taxonomy":"product_tag","embeddable":true,"href":"https:\/\/www.spaoludeniz.com\/tr\/wp-json\/wp\/v2\/product_tag?post=20106"}],"curies":[{"name":"wp","href":"https:\/\/api.w.org\/{rel}","templated":true}]}}