{"id":20062,"date":"2020-01-27T12:13:04","date_gmt":"2021-11-22T19:38:54","guid":{"rendered":"https:\/\/www.spaoludeniz.com\/product\/sultan-turk-hamami-40-dk\/"},"modified":"2021-11-23T15:08:56","modified_gmt":"2021-11-23T15:08:56","slug":"sultan-turk-hamami","status":"publish","type":"product","link":"https:\/\/www.spaoludeniz.com\/tr\/urun\/sultan-turk-hamami\/","title":{"rendered":"Sultan T\u00fcrk Hamam\u0131"},"content":{"rendered":"<p>Sauna &#8211; Kese &#8211; K\u00f6p\u00fck<\/p>\n<hr>\n<p>Keseleme i\u015flemi hafif yap\u0131lmaktad\u0131r. Cildiniz hassas ise bu hizmeti se\u00e7mek isteyebilirsiniz. Y\u00fczlerce y\u0131l \u00f6nce ya\u015fam\u0131\u015f Osmanl\u0131 sultanlar\u0131 gibi k\u00f6p\u00fck ve kesenin tad\u0131n\u0131 \u00e7\u0131karacaks\u0131n\u0131z.<\/p>\n","protected":false},"excerpt":{"rendered":"<p>40 dk.<\/p>\n","protected":false},"featured_media":2300,"comment_status":"open","ping_status":"closed","template":"","meta":{"_monsterinsights_skip_tracking":false,"_monsterinsights_sitenote_active":false,"_monsterinsights_sitenote_note":"","_monsterinsights_sitenote_category":0,"_joinchat":[]},"product_brand":[],"product_cat":[709,65],"product_tag":[],"class_list":{"0":"post-20062","1":"product","2":"type-product","3":"status-publish","4":"has-post-thumbnail","6":"product_cat-hamam","7":"product_cat-shop","9":"first","10":"outofstock","11":"shipping-taxable","12":"purchasable","13":"product-type-simple"},"aioseo_notices":[],"_links":{"self":[{"href":"https:\/\/www.spaoludeniz.com\/tr\/wp-json\/wp\/v2\/product\/20062"}],"collection":[{"href":"https:\/\/www.spaoludeniz.com\/tr\/wp-json\/wp\/v2\/product"}],"about":[{"href":"https:\/\/www.spaoludeniz.com\/tr\/wp-json\/wp\/v2\/types\/product"}],"replies":[{"embeddable":true,"href":"https:\/\/www.spaoludeniz.com\/tr\/wp-json\/wp\/v2\/comments?post=20062"}],"version-history":[{"count":0,"href":"https:\/\/www.spaoludeniz.com\/tr\/wp-json\/wp\/v2\/product\/20062\/revisions"}],"wp:featuredmedia":[{"embeddable":true,"href":"https:\/\/www.spaoludeniz.com\/tr\/wp-json\/wp\/v2\/media\/2300"}],"wp:attachment":[{"href":"https:\/\/www.spaoludeniz.com\/tr\/wp-json\/wp\/v2\/media?parent=20062"}],"wp:term":[{"taxonomy":"product_brand","embeddable":true,"href":"https:\/\/www.spaoludeniz.com\/tr\/wp-json\/wp\/v2\/product_brand?post=20062"},{"taxonomy":"product_cat","embeddable":true,"href":"https:\/\/www.spaoludeniz.com\/tr\/wp-json\/wp\/v2\/product_cat?post=20062"},{"taxonomy":"product_tag","embeddable":true,"href":"https:\/\/www.spaoludeniz.com\/tr\/wp-json\/wp\/v2\/product_tag?post=20062"}],"curies":[{"name":"wp","href":"https:\/\/api.w.org\/{rel}","templated":true}]}}