{"id":20021,"date":"2020-01-27T15:38:42","date_gmt":"2021-11-22T15:09:58","guid":{"rendered":"https:\/\/www.spaoludeniz.com\/product\/kafa-masaji\/"},"modified":"2026-03-17T16:55:25","modified_gmt":"2026-03-17T13:55:25","slug":"kafa-masaji","status":"publish","type":"product","link":"https:\/\/www.spaoludeniz.com\/tr\/urun\/kafa-masaji\/","title":{"rendered":"Sa\u00e7 Derisi Masaj\u0131"},"content":{"rendered":"<p data-start=\"1818\" data-end=\"2059\"><strong data-start=\"1818\" data-end=\"1826\">Not:<\/strong> A\u015fa\u011f\u0131da verilen bilgiler yaln\u0131zca bilgilendirme ama\u00e7l\u0131d\u0131r ve t\u0131bbi tavsiye niteli\u011fi ta\u015f\u0131maz. \u00d6zellikle herhangi bir sa\u011fl\u0131k sorununuz veya yaralanman\u0131z varsa, yeni bir terapiye ba\u015flamadan \u00f6nce bir sa\u011fl\u0131k uzman\u0131na dan\u0131\u015fman\u0131z \u00f6nerilir.<\/p>\n<p data-start=\"2061\" data-end=\"2287\">Kafa derisi masaj\u0131 (Scalp Massage), sa\u00e7 derisi, boyun ve omuz b\u00f6lgesine odaklanan rahatlat\u0131c\u0131 bir masaj uygulamas\u0131d\u0131r. Genellikle gev\u015femeyi desteklemek, stresi azaltmak ve genel iyi olu\u015f h\u00e2lini art\u0131rmak amac\u0131yla tercih edilir.<\/p>\n<p data-start=\"2289\" data-end=\"2490\">Seans s\u0131ras\u0131nda terapist, parmaklar\u0131 ve elleriyle sa\u00e7 derisi, boyun ve omuz b\u00f6lgesine nazik ve ritmik bas\u0131n\u00e7 uygular. Daha konforlu ve ak\u0131c\u0131 bir deneyim i\u00e7in do\u011fal ya\u011flar veya losyonlar kullan\u0131labilir.<\/p>\n<hr data-start=\"2492\" data-end=\"2495\" \/>\n<h3 data-section-id=\"33fqrw\" data-start=\"2497\" data-end=\"2524\"><strong data-start=\"2501\" data-end=\"2524\">Potansiyel Faydalar<\/strong><\/h3>\n<ul data-start=\"2526\" data-end=\"3063\">\n<li data-section-id=\"91zyg4\" data-start=\"2526\" data-end=\"2619\">\n<p data-start=\"2528\" data-end=\"2619\"><strong data-start=\"2528\" data-end=\"2546\">Stres Azaltma:<\/strong> Rahatlamay\u0131 destekler ve stres ile gerginli\u011fi azaltmaya yard\u0131mc\u0131 olur.<\/p>\n<\/li>\n<li data-section-id=\"1w2j8m6\" data-start=\"2620\" data-end=\"2743\">\n<p data-start=\"2622\" data-end=\"2743\"><strong data-start=\"2622\" data-end=\"2645\">Ba\u015f A\u011fr\u0131s\u0131 Deste\u011fi:<\/strong> Kas gerginli\u011fini azaltarak ba\u015f a\u011fr\u0131s\u0131 ve migren belirtilerinin hafiflemesine yard\u0131mc\u0131 olabilir.<\/p>\n<\/li>\n<li data-section-id=\"1od9mej\" data-start=\"2744\" data-end=\"2830\">\n<p data-start=\"2746\" data-end=\"2830\"><strong data-start=\"2746\" data-end=\"2774\">Dola\u015f\u0131m\u0131n Desteklenmesi:<\/strong> Sa\u00e7 derisine kan ak\u0131\u015f\u0131n\u0131 ve oksijenlenmeyi destekler.<\/p>\n<\/li>\n<li data-section-id=\"wvhnh6\" data-start=\"2831\" data-end=\"2927\">\n<p data-start=\"2833\" data-end=\"2927\"><strong data-start=\"2833\" data-end=\"2862\">Uyku Kalitesinin Artmas\u0131:<\/strong> Rahatlat\u0131c\u0131 etkisiyle daha kaliteli uykuya katk\u0131 sa\u011flayabilir.<\/p>\n<\/li>\n<li data-section-id=\"1tyr01m\" data-start=\"2928\" data-end=\"3063\">\n<p data-start=\"2930\" data-end=\"3063\"><strong data-start=\"2930\" data-end=\"2960\">Sa\u00e7 ve Sa\u00e7 Derisi Sa\u011fl\u0131\u011f\u0131:<\/strong> Sa\u00e7 k\u00f6klerinin beslenmesini destekleyerek sa\u00e7 ve sa\u00e7 derisi sa\u011fl\u0131\u011f\u0131n\u0131n iyile\u015fmesine yard\u0131mc\u0131 olabilir.<\/p>\n<\/li>\n<\/ul>\n<hr data-start=\"3065\" data-end=\"3068\" \/>\n<h3 data-section-id=\"jnayva\" data-start=\"3070\" data-end=\"3083\"><strong data-start=\"3074\" data-end=\"3083\">Sonu\u00e7<\/strong><\/h3>\n<p data-start=\"3085\" data-end=\"3275\">Kafa derisi masaj\u0131, hem fiziksel hem de zihinsel a\u00e7\u0131dan rahatlat\u0131c\u0131 ve destekleyici bir deneyim sunar. Herhangi bir sa\u011fl\u0131k sorununuz varsa, uygulama \u00f6ncesinde bir uzmana dan\u0131\u015fman\u0131z \u00f6nerilir.<\/p>\n","protected":false},"excerpt":{"rendered":"<p>30 dk<\/p>\n","protected":false},"featured_media":19963,"comment_status":"open","ping_status":"closed","template":"","meta":{"_monsterinsights_skip_tracking":false,"_monsterinsights_sitenote_active":false,"_monsterinsights_sitenote_note":"","_monsterinsights_sitenote_category":0,"_joinchat":[]},"product_brand":[],"product_cat":[710,705],"product_tag":[],"class_list":{"0":"post-20021","1":"product","2":"type-product","3":"status-publish","4":"has-post-thumbnail","6":"product_cat-shop-tr","7":"product_cat-masajlar","9":"first","10":"instock","11":"shipping-taxable","12":"purchasable","13":"product-type-simple"},"aioseo_notices":[],"_links":{"self":[{"href":"https:\/\/www.spaoludeniz.com\/tr\/wp-json\/wp\/v2\/product\/20021"}],"collection":[{"href":"https:\/\/www.spaoludeniz.com\/tr\/wp-json\/wp\/v2\/product"}],"about":[{"href":"https:\/\/www.spaoludeniz.com\/tr\/wp-json\/wp\/v2\/types\/product"}],"replies":[{"embeddable":true,"href":"https:\/\/www.spaoludeniz.com\/tr\/wp-json\/wp\/v2\/comments?post=20021"}],"version-history":[{"count":4,"href":"https:\/\/www.spaoludeniz.com\/tr\/wp-json\/wp\/v2\/product\/20021\/revisions"}],"predecessor-version":[{"id":30779,"href":"https:\/\/www.spaoludeniz.com\/tr\/wp-json\/wp\/v2\/product\/20021\/revisions\/30779"}],"wp:featuredmedia":[{"embeddable":true,"href":"https:\/\/www.spaoludeniz.com\/tr\/wp-json\/wp\/v2\/media\/19963"}],"wp:attachment":[{"href":"https:\/\/www.spaoludeniz.com\/tr\/wp-json\/wp\/v2\/media?parent=20021"}],"wp:term":[{"taxonomy":"product_brand","embeddable":true,"href":"https:\/\/www.spaoludeniz.com\/tr\/wp-json\/wp\/v2\/product_brand?post=20021"},{"taxonomy":"product_cat","embeddable":true,"href":"https:\/\/www.spaoludeniz.com\/tr\/wp-json\/wp\/v2\/product_cat?post=20021"},{"taxonomy":"product_tag","embeddable":true,"href":"https:\/\/www.spaoludeniz.com\/tr\/wp-json\/wp\/v2\/product_tag?post=20021"}],"curies":[{"name":"wp","href":"https:\/\/api.w.org\/{rel}","templated":true}]}}