{"id":19980,"date":"2020-01-27T16:31:50","date_gmt":"2021-11-22T14:46:56","guid":{"rendered":"https:\/\/www.spaoludeniz.com\/product\/thai-masaji\/"},"modified":"2023-07-13T15:27:52","modified_gmt":"2023-07-13T12:27:52","slug":"thai-masaji","status":"publish","type":"product","link":"https:\/\/www.spaoludeniz.com\/tr\/urun\/thai-masaji\/","title":{"rendered":"Thai Masaj\u0131"},"content":{"rendered":"<p>Thai masaj\u0131, Tayland k\u00f6kenli geleneksel bir masaj tekni\u011fidir. Thai masaj\u0131, v\u00fccut \u00fczerinde uygulanan derin bas\u0131n\u00e7, germe ve yogadan esinlenen hareketlerin bir kombinasyonunu i\u00e7erir. Uygulay\u0131c\u0131 elleri, parmaklar\u0131, dirsekleri, ayaklar\u0131 ve bazen v\u00fccut a\u011f\u0131rl\u0131\u011f\u0131n\u0131 kullanarak enerji hatlar\u0131n\u0131 a\u00e7mak, kaslar\u0131 gev\u015fetmek ve v\u00fccuttaki gerginlikleri gidermek i\u00e7in farkl\u0131 teknikler uygular.<\/p>\n<p>Thai masaj\u0131, fiziksel rahatlaman\u0131n yan\u0131 s\u0131ra enerji ak\u0131\u015f\u0131n\u0131 dengelerken, esnekli\u011fi art\u0131rma, kan dola\u015f\u0131m\u0131n\u0131 iyile\u015ftirme, stresi azaltma, v\u00fccuttaki toksinlerin at\u0131lmas\u0131n\u0131 te\u015fvik etme gibi faydalar sa\u011flayabilir. Ayr\u0131ca, hareketli ve aktif bir masaj oldu\u011fu i\u00e7in baz\u0131 ki\u015filer i\u00e7in yoga gibi bir deneyim sunabilir.<\/p>\n<p>Thai masaj\u0131 genellikle yerde veya d\u00fcz bir zeminde yap\u0131l\u0131r ve al\u0131c\u0131, rahat bir k\u0131yafet giyerken masaj mat\u0131na uzan\u0131r. Masaj s\u00fcresi genellikle 1 ila 2 saat aras\u0131nda de\u011fi\u015febilir ve masaj\u0131 yapacak ki\u015finin deneyimi ve tercihlerine g\u00f6re yo\u011funlu\u011fu ayarlanabilir.<\/p>\n<p>Thai masaj\u0131, rahatlama, esneklik ve enerji dengesini sa\u011flama konusunda bir se\u00e7enek olarak de\u011ferlendirilebilir. Ancak, herkes i\u00e7in uygun olmayabilir. \u00d6zellikle belirli sa\u011fl\u0131k durumlar\u0131 veya hamilelik gibi durumlarda \u00f6nceden bir uzmana dan\u0131\u015fmak \u00f6nemlidir.<\/p>\n","protected":false},"excerpt":{"rendered":"<p>60 dk \u00a350<\/p>\n","protected":false},"featured_media":19949,"comment_status":"open","ping_status":"closed","template":"","meta":{"_monsterinsights_skip_tracking":false,"_monsterinsights_sitenote_active":false,"_monsterinsights_sitenote_note":"","_monsterinsights_sitenote_category":0,"_joinchat":[]},"product_brand":[],"product_cat":[710,705],"product_tag":[],"class_list":{"0":"post-19980","1":"product","2":"type-product","3":"status-publish","4":"has-post-thumbnail","6":"product_cat-shop-tr","7":"product_cat-masajlar","9":"first","10":"instock","11":"shipping-taxable","12":"purchasable","13":"product-type-simple"},"aioseo_notices":[],"_links":{"self":[{"href":"https:\/\/www.spaoludeniz.com\/tr\/wp-json\/wp\/v2\/product\/19980"}],"collection":[{"href":"https:\/\/www.spaoludeniz.com\/tr\/wp-json\/wp\/v2\/product"}],"about":[{"href":"https:\/\/www.spaoludeniz.com\/tr\/wp-json\/wp\/v2\/types\/product"}],"replies":[{"embeddable":true,"href":"https:\/\/www.spaoludeniz.com\/tr\/wp-json\/wp\/v2\/comments?post=19980"}],"version-history":[{"count":0,"href":"https:\/\/www.spaoludeniz.com\/tr\/wp-json\/wp\/v2\/product\/19980\/revisions"}],"wp:featuredmedia":[{"embeddable":true,"href":"https:\/\/www.spaoludeniz.com\/tr\/wp-json\/wp\/v2\/media\/19949"}],"wp:attachment":[{"href":"https:\/\/www.spaoludeniz.com\/tr\/wp-json\/wp\/v2\/media?parent=19980"}],"wp:term":[{"taxonomy":"product_brand","embeddable":true,"href":"https:\/\/www.spaoludeniz.com\/tr\/wp-json\/wp\/v2\/product_brand?post=19980"},{"taxonomy":"product_cat","embeddable":true,"href":"https:\/\/www.spaoludeniz.com\/tr\/wp-json\/wp\/v2\/product_cat?post=19980"},{"taxonomy":"product_tag","embeddable":true,"href":"https:\/\/www.spaoludeniz.com\/tr\/wp-json\/wp\/v2\/product_tag?post=19980"}],"curies":[{"name":"wp","href":"https:\/\/api.w.org\/{rel}","templated":true}]}}