{"id":19904,"date":"2020-01-27T14:40:44","date_gmt":"2021-11-22T14:05:40","guid":{"rendered":"https:\/\/www.spaoludeniz.com\/product\/kadin-paketi\/"},"modified":"2021-11-22T14:05:40","modified_gmt":"2021-11-22T14:05:40","slug":"kadin-paketi","status":"publish","type":"product","link":"https:\/\/www.spaoludeniz.com\/tr\/urun\/kadin-paketi\/","title":{"rendered":"Kad\u0131n Paketi"},"content":{"rendered":"<p><strong>Klasik T\u00fcrk Hamam\u0131 \/ 25 dk.<\/strong><\/p>\n<p><strong>Aromaterapi Masaj\u0131 \/ 45 dk.<\/strong><\/p>\n<p><strong>Manicure &amp; Pedicure<\/strong><\/p>\n<p><strong>Y\u00fcz Maskesi<\/strong><\/p>\n<hr>\n<p>&nbsp;<\/p>\n","protected":false},"excerpt":{"rendered":"<p>120 dk.<\/p>\n","protected":false},"featured_media":19905,"comment_status":"open","ping_status":"closed","template":"","meta":{"_monsterinsights_skip_tracking":false,"_monsterinsights_sitenote_active":false,"_monsterinsights_sitenote_note":"","_monsterinsights_sitenote_category":0,"_joinchat":[]},"product_brand":[],"product_cat":[704,65],"product_tag":[],"class_list":{"0":"post-19904","1":"product","2":"type-product","3":"status-publish","4":"has-post-thumbnail","6":"product_cat-paketler","7":"product_cat-shop","9":"first","10":"outofstock","11":"shipping-taxable","12":"purchasable","13":"product-type-simple"},"aioseo_notices":[],"_links":{"self":[{"href":"https:\/\/www.spaoludeniz.com\/tr\/wp-json\/wp\/v2\/product\/19904"}],"collection":[{"href":"https:\/\/www.spaoludeniz.com\/tr\/wp-json\/wp\/v2\/product"}],"about":[{"href":"https:\/\/www.spaoludeniz.com\/tr\/wp-json\/wp\/v2\/types\/product"}],"replies":[{"embeddable":true,"href":"https:\/\/www.spaoludeniz.com\/tr\/wp-json\/wp\/v2\/comments?post=19904"}],"version-history":[{"count":0,"href":"https:\/\/www.spaoludeniz.com\/tr\/wp-json\/wp\/v2\/product\/19904\/revisions"}],"wp:featuredmedia":[{"embeddable":true,"href":"https:\/\/www.spaoludeniz.com\/tr\/wp-json\/wp\/v2\/media\/19905"}],"wp:attachment":[{"href":"https:\/\/www.spaoludeniz.com\/tr\/wp-json\/wp\/v2\/media?parent=19904"}],"wp:term":[{"taxonomy":"product_brand","embeddable":true,"href":"https:\/\/www.spaoludeniz.com\/tr\/wp-json\/wp\/v2\/product_brand?post=19904"},{"taxonomy":"product_cat","embeddable":true,"href":"https:\/\/www.spaoludeniz.com\/tr\/wp-json\/wp\/v2\/product_cat?post=19904"},{"taxonomy":"product_tag","embeddable":true,"href":"https:\/\/www.spaoludeniz.com\/tr\/wp-json\/wp\/v2\/product_tag?post=19904"}],"curies":[{"name":"wp","href":"https:\/\/api.w.org\/{rel}","templated":true}]}}